{"id":2,"date":"2019-12-24T11:56:05","date_gmt":"2019-12-24T11:56:05","guid":{"rendered":"http:\/\/test-sefiex.com\/?page_id=2"},"modified":"2023-06-06T08:09:39","modified_gmt":"2023-06-06T06:09:39","slug":"inicio","status":"publish","type":"page","link":"https:\/\/www.sefiex.com\/es\/","title":{"rendered":"Inicio"},"content":{"rendered":"\n\n\t\t\t<img decoding=\"async\" loading='false' src=\"https:\/\/www.sefiex.com\/wp-content\/uploads\/2020\/07\/header-sefiex-03.jpg\" alt=\"\" \/>\t\t\t\n\t\t\t\t<h2>Direcci\u00f3n econ\u00f3mica y financiera externa para empresas: la mejor soluci\u00f3n para pymes<\/h2>\t\t\t\n\t\t\t<img decoding=\"async\" loading='false' src=\"http:\/\/www.sefiex.com\/wp-content\/uploads\/2020\/08\/header-sefiex-07-black.jpg\" alt=\"\" \/>\t\t\t\n\t\t\t\t<h2>Economistas expertos a su servicio, de forma externalizada y por horas, con disponibilidad a distancia el resto del tiempo<\/h2>\t\t\t\n\t\t\t<img decoding=\"async\" loading='false' src=\"http:\/\/www.sefiex.com\/wp-content\/uploads\/2020\/07\/header-sefiex-04.jpg\" alt=\"\" \/>\t\t\t\n\t\t\t\t<h2>Las m\u00e1s modernas t\u00e9cnicas de gesti\u00f3n empresarial, ahora disponibles para pymes<\/h2>\t\t\t\n<h1>\n\t\tEl Director financiero externo: Una excelente soluci\u00f3n de optimizaci\u00f3n del \u00e1rea administrativa y financiera, al alcance de empresas de cualquier dimensi\u00f3n\n\t<\/h1>\n<h3>\n\t\t\u00bfPreparado para dar el salto?\n\t<\/h3>\n\t<p>Cuando una empresa crece, es cada vez m\u00e1s importante tener las herramientas adecuadas para tomar <strong>las mejores decisiones<\/strong>, que le permitan avanzar y desarrollarse con seguridad.<\/p>\n<p>En Sefiex somos un grupo de economistas especializados en direcci\u00f3n econ\u00f3mica y financiera externa para empresas: Gesti\u00f3n econ\u00f3mica y financiera de la Empresa en su sentido m\u00e1s amplio, con un <strong>enfoque orientado siempre al negocio, aportando experiencia y visi\u00f3n estrat\u00e9gica<\/strong>. De forma no limitativa, incluye los siguientes puntos:<\/p>\n<ol>\n<li>Planificaci\u00f3n econ\u00f3mica y financiera. Gesti\u00f3n de la tesorer\u00eda y optimizaci\u00f3n del pool bancario, procurando las soluciones financieras m\u00e1s adecuadas para la empresa.<\/li>\n<li>Supervisi\u00f3n de la contabilidad y los circuitos administrativos e inform\u00e1ticos, estableciendo mejoras en seguridad y agilizaci\u00f3n del proceso de facturaci\u00f3n y control de cobros.<\/li>\n<li>Elaboraci\u00f3n del cuadro de mando (balanced scoredcard) con los indicadores de la explotaci\u00f3n (ventas, cobros, m\u00e1rgenes, rentabilidad de proyectos, seguimiento de tareas comerciales, etc.). An\u00e1lisis y seguimiento peri\u00f3dico con la Direcci\u00f3n de la evoluci\u00f3n de la explotaci\u00f3n, d\u00e1ndoles nuestro consejo y asesoramiento cada vez que sea necesario.<\/li>\n<li>An\u00e1lisis y control de costes. Programas de reducci\u00f3n de costes.<\/li>\n<li>Optimizaci\u00f3n de les relaciones con abogados, gestores, y bancos.<\/li>\n<li>Asesoramiento y planificaci\u00f3n fiscal.<\/li>\n<\/ol>\n<p>Con nosotros, puede disponer de un Director financiero externo, un economista experimentado que formar\u00e1 parte de su equipo, <strong>de forma externalizada y por horas, con disponibilidad a distancia el resto del tiempo<\/strong>. Disponer de un profesional experto ofrece unas posibilidades enormes a la Gerencia, que obtendr\u00e1 un importante soporte y una visi\u00f3n m\u00e1s amplia del negocio, y la empresa ganar\u00e1 en eficacia y flexibilidad.<\/p>\n<p>&nbsp;<\/p>\n<p><strong>Dividimos nuestros servicios en tres \u00e1reas:<\/strong><\/p>\n<h2>Asesor\u00eda financiera<\/h2>\n<ul>\n<li>Direcci\u00f3n financiera externa, adecuada para proporcionar soluciones a empresas que requieren un director financiero a tiempo parcial, sin necesidad de aumentar la estructura fija.<\/li>\n<\/ul>\n<h2>Consultor\u00eda financiera<\/h2>\n<ul>\n<li>Direcci\u00f3n financiera interina, adecuada para proporcionar soluciones a necesidades puntuales de asesoramiento.<\/li>\n<\/ul>\n<h2>Asesor\u00eda y gesti\u00f3n fiscal, contable, y laboral<\/h2>\n<ul>\n<li>Contabilidad freelance, adecuada para peque\u00f1as empresas que buscan soluciones m\u00e1s all\u00e1 de la gestor\u00eda convencional.<\/li>\n<\/ul>\n<p>&nbsp;<\/p>\n<p>P\u00eddanos una visita sin compromiso. Estaremos encantados de visitarle y hacerle una propuesta a medida.<\/p>\n<strong>Marc Serra Bota<br \/>\n<\/strong>Director\n\t\t\t\t<img decoding=\"async\" src=\"http:\/\/www.sefiex.com\/wp-content\/uploads\/2020\/08\/logo-ACCID.jpg\" alt=\"logo-ACCID\" itemprop=\"image\" title=\"logo-ACCID\" onerror=\"this.style.display='none'\"  \/>\n\t\t\t\t<img decoding=\"async\" src=\"http:\/\/www.sefiex.com\/wp-content\/uploads\/2020\/08\/logo-CE.jpg\" alt=\"logo-CE\" itemprop=\"image\" title=\"logo-CE\" onerror=\"this.style.display='none'\"  \/>\n\t\t<h3>\u00bfInteresado en un director financiero externo?<\/h3>\n\t\t<p>Cont\u00e1ctenos ahora mediante el formulario de contacto<\/p>\n\t\t\t<a href=\"http:\/\/www.sefiex.com\/es\/contacto\/\" target=\"_self\" rel=\"noopener\">\n\t\t\t\t\t\t\t\u00a1Contactar!\n\t\t\t\t\t<\/a>\n\n","protected":false},"excerpt":{"rendered":"<p>Direcci\u00f3n econ\u00f3mica y financiera externa para empresas: la mejor soluci\u00f3n para pymes Economistas expertos a su servicio, de forma externalizada y por horas, con disponibilidad a distancia el resto del tiempo Las m\u00e1s modernas t\u00e9cnicas de gesti\u00f3n empresarial, ahora disponibles para pymes El Director financiero externo: Una excelente soluci\u00f3n de optimizaci\u00f3n del \u00e1rea administrativa y&hellip;<\/p>\n","protected":false},"author":2,"featured_media":0,"parent":0,"menu_order":0,"comment_status":"closed","ping_status":"closed","template":"","meta":{"_acf_changed":false,"footnotes":""},"class_list":["post-2","page","type-page","status-publish","hentry"],"acf":[],"yoast_head":"<!-- This site is optimized with the Yoast SEO plugin v26.5 - https:\/\/yoast.com\/wordpress\/plugins\/seo\/ -->\n<title>SEFIEX - Servicios financieros externos para empresas<\/title>\n<meta name=\"description\" content=\"Direcci\u00f3n financiera externa para empresas: Una excelente soluci\u00f3n de optimizaci\u00f3n del \u00e1rea administrativa y financiera\" \/>\n<meta name=\"robots\" content=\"index, follow, max-snippet:-1, max-image-preview:large, max-video-preview:-1\" \/>\n<link rel=\"canonical\" href=\"https:\/\/www.sefiex.com\/es\/\" \/>\n<meta property=\"og:locale\" content=\"es_ES\" \/>\n<meta property=\"og:type\" content=\"article\" \/>\n<meta property=\"og:title\" content=\"SEFIEX - Servicios financieros externos para empresas\" \/>\n<meta property=\"og:description\" content=\"Direcci\u00f3n financiera externa para empresas: Una excelente soluci\u00f3n de optimizaci\u00f3n del \u00e1rea administrativa y financiera\" \/>\n<meta property=\"og:url\" content=\"https:\/\/www.sefiex.com\/es\/\" \/>\n<meta property=\"og:site_name\" content=\"SEFIEX - Servicios Financieros Externos\" \/>\n<meta property=\"article:modified_time\" content=\"2023-06-06T06:09:39+00:00\" \/>\n<meta property=\"og:image\" content=\"https:\/\/www.sefiex.com\/wp-content\/uploads\/2020\/07\/header-sefiex-03.jpg\" \/>\n<meta name=\"twitter:card\" content=\"summary_large_image\" \/>\n<meta name=\"twitter:label1\" content=\"Tiempo de lectura\" \/>\n\t<meta name=\"twitter:data1\" content=\"2 minutos\" \/>\n<script type=\"application\/ld+json\" class=\"yoast-schema-graph\">{\"@context\":\"https:\/\/schema.org\",\"@graph\":[{\"@type\":\"WebPage\",\"@id\":\"https:\/\/www.sefiex.com\/es\/\",\"url\":\"https:\/\/www.sefiex.com\/es\/\",\"name\":\"SEFIEX - Servicios financieros externos para empresas\",\"isPartOf\":{\"@id\":\"https:\/\/www.sefiex.com\/es\/#website\"},\"primaryImageOfPage\":{\"@id\":\"https:\/\/www.sefiex.com\/es\/#primaryimage\"},\"image\":{\"@id\":\"https:\/\/www.sefiex.com\/es\/#primaryimage\"},\"thumbnailUrl\":\"https:\/\/www.sefiex.com\/wp-content\/uploads\/2020\/07\/header-sefiex-03.jpg\",\"datePublished\":\"2019-12-24T11:56:05+00:00\",\"dateModified\":\"2023-06-06T06:09:39+00:00\",\"description\":\"Direcci\u00f3n financiera externa para empresas: Una excelente soluci\u00f3n de optimizaci\u00f3n del \u00e1rea administrativa y financiera\",\"breadcrumb\":{\"@id\":\"https:\/\/www.sefiex.com\/es\/#breadcrumb\"},\"inLanguage\":\"es\",\"potentialAction\":[{\"@type\":\"ReadAction\",\"target\":[\"https:\/\/www.sefiex.com\/es\/\"]}]},{\"@type\":\"ImageObject\",\"inLanguage\":\"es\",\"@id\":\"https:\/\/www.sefiex.com\/es\/#primaryimage\",\"url\":\"https:\/\/www.sefiex.com\/wp-content\/uploads\/2020\/07\/header-sefiex-03.jpg\",\"contentUrl\":\"https:\/\/www.sefiex.com\/wp-content\/uploads\/2020\/07\/header-sefiex-03.jpg\"},{\"@type\":\"BreadcrumbList\",\"@id\":\"https:\/\/www.sefiex.com\/es\/#breadcrumb\",\"itemListElement\":[{\"@type\":\"ListItem\",\"position\":1,\"name\":\"Portada\",\"item\":\"https:\/\/www.sefiex.com\/es\/\"},{\"@type\":\"ListItem\",\"position\":2,\"name\":\"Inicio\"}]},{\"@type\":\"WebSite\",\"@id\":\"https:\/\/www.sefiex.com\/es\/#website\",\"url\":\"https:\/\/www.sefiex.com\/es\/\",\"name\":\"SEFIEX - Servicios Financieros Externos\",\"description\":\"Direcci\u00f3n financiera externa para empresas\",\"publisher\":{\"@id\":\"https:\/\/www.sefiex.com\/es\/#organization\"},\"potentialAction\":[{\"@type\":\"SearchAction\",\"target\":{\"@type\":\"EntryPoint\",\"urlTemplate\":\"https:\/\/www.sefiex.com\/es\/?s={search_term_string}\"},\"query-input\":{\"@type\":\"PropertyValueSpecification\",\"valueRequired\":true,\"valueName\":\"search_term_string\"}}],\"inLanguage\":\"es\"},{\"@type\":\"Organization\",\"@id\":\"https:\/\/www.sefiex.com\/es\/#organization\",\"name\":\"Sefiex Servicios Financieros Externos\",\"url\":\"https:\/\/www.sefiex.com\/es\/\",\"logo\":{\"@type\":\"ImageObject\",\"inLanguage\":\"es\",\"@id\":\"https:\/\/www.sefiex.com\/es\/#\/schema\/logo\/image\/\",\"url\":\"https:\/\/www.sefiex.com\/wp-content\/uploads\/2020\/09\/logo-es.jpg\",\"contentUrl\":\"https:\/\/www.sefiex.com\/wp-content\/uploads\/2020\/09\/logo-es.jpg\",\"width\":262,\"height\":114,\"caption\":\"Sefiex Servicios Financieros Externos\"},\"image\":{\"@id\":\"https:\/\/www.sefiex.com\/es\/#\/schema\/logo\/image\/\"}}]}<\/script>\n<!-- \/ Yoast SEO plugin. -->","yoast_head_json":{"title":"SEFIEX - Servicios financieros externos para empresas","description":"Direcci\u00f3n financiera externa para empresas: Una excelente soluci\u00f3n de optimizaci\u00f3n del \u00e1rea administrativa y financiera","robots":{"index":"index","follow":"follow","max-snippet":"max-snippet:-1","max-image-preview":"max-image-preview:large","max-video-preview":"max-video-preview:-1"},"canonical":"https:\/\/www.sefiex.com\/es\/","og_locale":"es_ES","og_type":"article","og_title":"SEFIEX - Servicios financieros externos para empresas","og_description":"Direcci\u00f3n financiera externa para empresas: Una excelente soluci\u00f3n de optimizaci\u00f3n del \u00e1rea administrativa y financiera","og_url":"https:\/\/www.sefiex.com\/es\/","og_site_name":"SEFIEX - Servicios Financieros Externos","article_modified_time":"2023-06-06T06:09:39+00:00","og_image":[{"url":"https:\/\/www.sefiex.com\/wp-content\/uploads\/2020\/07\/header-sefiex-03.jpg","type":"","width":"","height":""}],"twitter_card":"summary_large_image","twitter_misc":{"Tiempo de lectura":"2 minutos"},"schema":{"@context":"https:\/\/schema.org","@graph":[{"@type":"WebPage","@id":"https:\/\/www.sefiex.com\/es\/","url":"https:\/\/www.sefiex.com\/es\/","name":"SEFIEX - Servicios financieros externos para empresas","isPartOf":{"@id":"https:\/\/www.sefiex.com\/es\/#website"},"primaryImageOfPage":{"@id":"https:\/\/www.sefiex.com\/es\/#primaryimage"},"image":{"@id":"https:\/\/www.sefiex.com\/es\/#primaryimage"},"thumbnailUrl":"https:\/\/www.sefiex.com\/wp-content\/uploads\/2020\/07\/header-sefiex-03.jpg","datePublished":"2019-12-24T11:56:05+00:00","dateModified":"2023-06-06T06:09:39+00:00","description":"Direcci\u00f3n financiera externa para empresas: Una excelente soluci\u00f3n de optimizaci\u00f3n del \u00e1rea administrativa y financiera","breadcrumb":{"@id":"https:\/\/www.sefiex.com\/es\/#breadcrumb"},"inLanguage":"es","potentialAction":[{"@type":"ReadAction","target":["https:\/\/www.sefiex.com\/es\/"]}]},{"@type":"ImageObject","inLanguage":"es","@id":"https:\/\/www.sefiex.com\/es\/#primaryimage","url":"https:\/\/www.sefiex.com\/wp-content\/uploads\/2020\/07\/header-sefiex-03.jpg","contentUrl":"https:\/\/www.sefiex.com\/wp-content\/uploads\/2020\/07\/header-sefiex-03.jpg"},{"@type":"BreadcrumbList","@id":"https:\/\/www.sefiex.com\/es\/#breadcrumb","itemListElement":[{"@type":"ListItem","position":1,"name":"Portada","item":"https:\/\/www.sefiex.com\/es\/"},{"@type":"ListItem","position":2,"name":"Inicio"}]},{"@type":"WebSite","@id":"https:\/\/www.sefiex.com\/es\/#website","url":"https:\/\/www.sefiex.com\/es\/","name":"SEFIEX - Servicios Financieros Externos","description":"Direcci\u00f3n financiera externa para empresas","publisher":{"@id":"https:\/\/www.sefiex.com\/es\/#organization"},"potentialAction":[{"@type":"SearchAction","target":{"@type":"EntryPoint","urlTemplate":"https:\/\/www.sefiex.com\/es\/?s={search_term_string}"},"query-input":{"@type":"PropertyValueSpecification","valueRequired":true,"valueName":"search_term_string"}}],"inLanguage":"es"},{"@type":"Organization","@id":"https:\/\/www.sefiex.com\/es\/#organization","name":"Sefiex Servicios Financieros Externos","url":"https:\/\/www.sefiex.com\/es\/","logo":{"@type":"ImageObject","inLanguage":"es","@id":"https:\/\/www.sefiex.com\/es\/#\/schema\/logo\/image\/","url":"https:\/\/www.sefiex.com\/wp-content\/uploads\/2020\/09\/logo-es.jpg","contentUrl":"https:\/\/www.sefiex.com\/wp-content\/uploads\/2020\/09\/logo-es.jpg","width":262,"height":114,"caption":"Sefiex Servicios Financieros Externos"},"image":{"@id":"https:\/\/www.sefiex.com\/es\/#\/schema\/logo\/image\/"}}]}},"_links":{"self":[{"href":"https:\/\/www.sefiex.com\/es\/wp-json\/wp\/v2\/pages\/2","targetHints":{"allow":["GET"]}}],"collection":[{"href":"https:\/\/www.sefiex.com\/es\/wp-json\/wp\/v2\/pages"}],"about":[{"href":"https:\/\/www.sefiex.com\/es\/wp-json\/wp\/v2\/types\/page"}],"author":[{"embeddable":true,"href":"https:\/\/www.sefiex.com\/es\/wp-json\/wp\/v2\/users\/2"}],"replies":[{"embeddable":true,"href":"https:\/\/www.sefiex.com\/es\/wp-json\/wp\/v2\/comments?post=2"}],"version-history":[{"count":38,"href":"https:\/\/www.sefiex.com\/es\/wp-json\/wp\/v2\/pages\/2\/revisions"}],"predecessor-version":[{"id":533,"href":"https:\/\/www.sefiex.com\/es\/wp-json\/wp\/v2\/pages\/2\/revisions\/533"}],"wp:attachment":[{"href":"https:\/\/www.sefiex.com\/es\/wp-json\/wp\/v2\/media?parent=2"}],"curies":[{"name":"wp","href":"https:\/\/api.w.org\/{rel}","templated":true}]}}